{"id":556,"date":"2022-01-21T12:11:24","date_gmt":"2022-01-21T11:11:24","guid":{"rendered":"https:\/\/owlvisionthermal.com\/?post_type=product&#038;p=556"},"modified":"2022-01-21T12:15:46","modified_gmt":"2022-01-21T11:15:46","slug":"owl-hulux-thermal-clipon","status":"publish","type":"product","link":"https:\/\/owlvisionthermal.com\/?product=owl-hulux-thermal-clipon","title":{"rendered":"OWL HULUX Thermal ClipOn"},"content":{"rendered":"<p>La HULUX \u00e8 progettata come accessorio per qualsiasi tipo di cannocchiale da giorno standard. NESSUN RIAZZERAMENTO \u00e8 necessario solo CLAMP&amp;SHOT.<\/p>\n<p>I termici da puntamento a clip sono dispositivi ottici per immagini termiche veramente versatili che offrono maggiori opzioni e funzionalit\u00e0 rispetto al classico cannocchiale da puntamento. Sia che tu stia cercando di usarlo come un cannocchiale termico dedicato o agganciato davanti alla tua ottica diurna per una maggiore capacit\u00e0 di zoom delle immagini termiche, questi cannocchiali possono facilmente soddisfare le tue esigenze. La nostra clip si adatta a qualsiasi supporto per binario Picatinny in pochi secondi e non \u00e8 necessario tarare nuovamente. Quindi, se sei nel regno della caccia, puoi passare facilmente al tuo metodo di mira preferito. Questi cannocchiali non hanno assolutamente bisogno di luce per funzionare, quindi puoi letteralmente trasformare qualsiasi cannocchiale da giorno in un cannocchiale per la visione notturna con un semplice attacco a leva di sgancio. Ora puoi vedere i tuoi obiettivi a qualsiasi ora del giorno o della notte, rendendolo un sistema di mira davvero robusto e affidabile.<\/p>\n<p><strong>Alta qualit\u00e0 dell&#8217;immagine<\/strong><\/p>\n<p>Il rilevatore termico Vox ad alte prestazioni e l&#8217;elaborazione avanzata delle immagini creano immagini brillanti e nitide.<\/p>\n<p><strong>Modalit\u00e0 Ultraclear<\/strong><\/p>\n<p>Modalit\u00e0 Ultraclear integrata per il maltempo come nebbia pesante e pioggia, sar\u00e0 pi\u00f9 sensibile e otterr\u00e0 maggiori dettagli.<\/p>\n<p><strong>Micro display AMOLED<\/strong><\/p>\n<p>Il micro display AMOLED ad alto contrasto con risoluzione HD offre immagini nitide e colori vividi. Il display garantisce un&#8217;eccellente qualit\u00e0 dell&#8217;immagine e prestazioni impeccabili anche a temperature di congelamento.<\/p>\n<p><strong>Nessun azzeramento richiesto e montaggio rapido<\/strong><\/p>\n<p>Con la speciale calibrazione della fotocamera, non \u00e8 necessario azzerare nuovamente dopo il montaggio all\u2019ottica da puntamento diurna. Clamp and Shoot, super semplice da usare.<\/p>\n<p><strong>Dimensioni compatte e peso leggero<\/strong><\/p>\n<p>Le dimensioni compatte e il design leggero non influenzano in modo significativo l&#8217;equilibrio dell\u2019arma.<\/p>\n<p><strong>Precisione come un\u2019ottica da puntamento<\/strong><\/p>\n<p>Il montaggio anteriore consente una posizione di tiro coerente e un&#8217;estrazione pupillare con un cannocchiale da puntamento diurno esistente. Il design originale e la tecnologia di precisione garantiscono la stabilit\u00e0 dei punti di interesse quando il clip on \u00e8 in uso. Gli utenti non devono apportare alcuna correzione alla posizione del reticolo del cannocchiale da puntamento diurno durante il montaggio della HULUX.<\/p>\n<p><strong>Telecomando senza fili<\/strong><\/p>\n<p>Il telecomando senza fili pu\u00f2 essere fissato vicino al grilletto o al calcio, il che consente di eseguire facilmente le operazioni di base.<\/p>\n<p><strong>Sensore di movimento integrato e bussola digitale<\/strong><\/p>\n<p>L&#8217;accelerometro integrato e la bussola digitale migliorano la precisione identificando con precisione sopra-elevazione e angoli. La serie Clip On pu\u00f2 indicare la direzione e il grado di inclinazione laterale. Il telecomando wireless collegato tramite bluetooth pu\u00f2 essere fissato vicino al grilletto o al calcio, il che consente di eseguire facilmente le operazioni di base.<\/p>\n<table>\n<tbody>\n<tr>\n<td><strong>Modello<\/strong><\/td>\n<td><strong>HULUX<\/strong><\/td>\n<\/tr>\n<tr>\n<td>Risoluzione<\/td>\n<td>384&#215;288<\/td>\n<\/tr>\n<tr>\n<td>Dimensione Pixel,\u00a0um<\/td>\n<td>17um<\/td>\n<\/tr>\n<tr>\n<td>NETD,\u00a0mk<\/td>\n<td>\u226440<\/td>\n<\/tr>\n<tr>\n<td>Frame Rate,\u00a0Hz<\/td>\n<td>50<\/td>\n<\/tr>\n<tr>\n<td>Lente Obbiettivo,\u00a0mm<\/td>\n<td>42<\/td>\n<\/tr>\n<tr>\n<td>Campo di vista<\/td>\n<td>8.9\u00b0\u00d76.7\u00b0<\/td>\n<\/tr>\n<tr>\n<td>Ingrandimenti<\/td>\n<td>Come Clip On:1\u00d7<\/td>\n<\/tr>\n<tr>\n<td>Regolazione Diottria<\/td>\n<td>-5D\uff5e+5D<\/td>\n<\/tr>\n<tr>\n<td>Display<\/td>\n<td>1024\u00d7768\u00a0OLED<\/td>\n<\/tr>\n<tr>\n<td>Batterie<\/td>\n<td>CR123\u00d72<\/td>\n<\/tr>\n<tr>\n<td>Massima durata batteria,\u00a0ore<\/td>\n<td>4<\/td>\n<\/tr>\n<tr>\n<td>Peso\u00a0(senza batterie),\u00a0grammi<\/td>\n<td>&lt;420<\/td>\n<\/tr>\n<tr>\n<td>Dimensioni,\u00a0mm<\/td>\n<td>154\u00d761\u00d758<\/td>\n<\/tr>\n<tr>\n<td>Specifiche Anello di Montaggio<\/td>\n<td>M52\u00d70.75<\/td>\n<\/tr>\n<tr>\n<td>Intervallo di Rilevamento,\u00a0m<\/p>\n<p>(Dimensioni Bersaglio:1.7m\u00d70.5\u00a0m, P(n)=99%)<\/td>\n<td>1540<\/td>\n<\/tr>\n<\/tbody>\n<\/table>\n<p>&nbsp;<\/p>\n","protected":false},"excerpt":{"rendered":"<p>La HULUX \u00e8 progettata come accessorio per qualsiasi tipo di cannocchiale da giorno standard. NESSUN RIAZZERAMENTO \u00e8 necessario solo CLAMP&amp;SHOT. I termici da puntamento a clip sono dispositivi ottici per immagini termiche veramente versatili che offrono maggiori opzioni e funzionalit\u00e0 rispetto al classico cannocchiale da puntamento. Sia che tu stia cercando di usarlo come un [&hellip;]<\/p>\n","protected":false},"featured_media":558,"template":"","meta":{"_et_pb_use_builder":"","_et_pb_old_content":"","_et_gb_content_width":""},"yoast_head":"<!-- This site is optimized with the Yoast SEO plugin v22.8 - https:\/\/yoast.com\/wordpress\/plugins\/seo\/ -->\n<title>OWL HULUX Thermal ClipOn - OWL VISION<\/title>\n<meta name=\"description\" content=\"La HULUX \u00e8 progettata come accessorio per qualsiasi tipo di cannocchiale da giorno standard. NESSUN RIAZZERAMENTO \u00e8 necessario solo CLAMP&amp;SHOT.\" \/>\n<meta name=\"robots\" content=\"index, follow, max-snippet:-1, max-image-preview:large, max-video-preview:-1\" \/>\n<link rel=\"canonical\" href=\"https:\/\/owlvisionthermal.com\/?product=owl-hulux-thermal-clipon\" \/>\n<meta property=\"og:locale\" content=\"it_IT\" \/>\n<meta property=\"og:type\" content=\"article\" \/>\n<meta property=\"og:title\" content=\"OWL HULUX Thermal ClipOn - OWL VISION\" \/>\n<meta property=\"og:description\" content=\"La HULUX \u00e8 progettata come accessorio per qualsiasi tipo di cannocchiale da giorno standard. NESSUN RIAZZERAMENTO \u00e8 necessario solo CLAMP&amp;SHOT.\" \/>\n<meta property=\"og:url\" content=\"https:\/\/owlvisionthermal.com\/?product=owl-hulux-thermal-clipon\" \/>\n<meta property=\"og:site_name\" content=\"OWL VISION\" \/>\n<meta property=\"article:publisher\" content=\"https:\/\/www.facebook.com\/OwlVisionThermal\" \/>\n<meta property=\"article:modified_time\" content=\"2022-01-21T11:15:46+00:00\" \/>\n<meta property=\"og:image\" content=\"https:\/\/owlvisionthermal.com\/wp-content\/uploads\/2022\/01\/owl-hulux-thermal-clipon.png\" \/>\n\t<meta property=\"og:image:width\" content=\"1100\" \/>\n\t<meta property=\"og:image:height\" content=\"1422\" \/>\n\t<meta property=\"og:image:type\" content=\"image\/png\" \/>\n<meta name=\"twitter:card\" content=\"summary_large_image\" \/>\n<meta name=\"twitter:label1\" content=\"Tempo di lettura stimato\" \/>\n\t<meta name=\"twitter:data1\" content=\"3 minuti\" \/>\n<script type=\"application\/ld+json\" class=\"yoast-schema-graph\">{\"@context\":\"https:\/\/schema.org\",\"@graph\":[{\"@type\":\"WebPage\",\"@id\":\"https:\/\/owlvisionthermal.com\/?product=owl-hulux-thermal-clipon\",\"url\":\"https:\/\/owlvisionthermal.com\/?product=owl-hulux-thermal-clipon\",\"name\":\"OWL HULUX Thermal ClipOn - OWL VISION\",\"isPartOf\":{\"@id\":\"https:\/\/owlvisionthermal.com\/#website\"},\"primaryImageOfPage\":{\"@id\":\"https:\/\/owlvisionthermal.com\/?product=owl-hulux-thermal-clipon#primaryimage\"},\"image\":{\"@id\":\"https:\/\/owlvisionthermal.com\/?product=owl-hulux-thermal-clipon#primaryimage\"},\"thumbnailUrl\":\"https:\/\/owlvisionthermal.com\/wp-content\/uploads\/2022\/01\/owl-hulux-thermal-clipon.png\",\"datePublished\":\"2022-01-21T11:11:24+00:00\",\"dateModified\":\"2022-01-21T11:15:46+00:00\",\"description\":\"La HULUX \u00e8 progettata come accessorio per qualsiasi tipo di cannocchiale da giorno standard. NESSUN RIAZZERAMENTO \u00e8 necessario solo CLAMP&SHOT.\",\"breadcrumb\":{\"@id\":\"https:\/\/owlvisionthermal.com\/?product=owl-hulux-thermal-clipon#breadcrumb\"},\"inLanguage\":\"it-IT\",\"potentialAction\":[{\"@type\":\"ReadAction\",\"target\":[\"https:\/\/owlvisionthermal.com\/?product=owl-hulux-thermal-clipon\"]}]},{\"@type\":\"ImageObject\",\"inLanguage\":\"it-IT\",\"@id\":\"https:\/\/owlvisionthermal.com\/?product=owl-hulux-thermal-clipon#primaryimage\",\"url\":\"https:\/\/owlvisionthermal.com\/wp-content\/uploads\/2022\/01\/owl-hulux-thermal-clipon.png\",\"contentUrl\":\"https:\/\/owlvisionthermal.com\/wp-content\/uploads\/2022\/01\/owl-hulux-thermal-clipon.png\",\"width\":1100,\"height\":1422},{\"@type\":\"BreadcrumbList\",\"@id\":\"https:\/\/owlvisionthermal.com\/?product=owl-hulux-thermal-clipon#breadcrumb\",\"itemListElement\":[{\"@type\":\"ListItem\",\"position\":1,\"name\":\"Home\",\"item\":\"https:\/\/owlvisionthermal.com\/\"},{\"@type\":\"ListItem\",\"position\":2,\"name\":\"PRODOTTI\",\"item\":\"https:\/\/owlvisionthermal.com\/?page_id=157\"},{\"@type\":\"ListItem\",\"position\":3,\"name\":\"OWL HULUX Thermal ClipOn\"}]},{\"@type\":\"WebSite\",\"@id\":\"https:\/\/owlvisionthermal.com\/#website\",\"url\":\"https:\/\/owlvisionthermal.com\/\",\"name\":\"OWL VISION\",\"description\":\"Termocamere monoculari compatte e tascabili. Ideali per la visione naturalistica, di notte e in condizioni di scarsa illuminazione.\",\"publisher\":{\"@id\":\"https:\/\/owlvisionthermal.com\/#organization\"},\"potentialAction\":[{\"@type\":\"SearchAction\",\"target\":{\"@type\":\"EntryPoint\",\"urlTemplate\":\"https:\/\/owlvisionthermal.com\/?s={search_term_string}\"},\"query-input\":\"required name=search_term_string\"}],\"inLanguage\":\"it-IT\"},{\"@type\":\"Organization\",\"@id\":\"https:\/\/owlvisionthermal.com\/#organization\",\"name\":\"OWL VISION THERMAL\",\"url\":\"https:\/\/owlvisionthermal.com\/\",\"logo\":{\"@type\":\"ImageObject\",\"inLanguage\":\"it-IT\",\"@id\":\"https:\/\/owlvisionthermal.com\/#\/schema\/logo\/image\/\",\"url\":\"https:\/\/owlvisionthermal.com\/wp-content\/uploads\/2021\/01\/OWL-VISION-LOGO.jpg\",\"contentUrl\":\"https:\/\/owlvisionthermal.com\/wp-content\/uploads\/2021\/01\/OWL-VISION-LOGO.jpg\",\"width\":1417,\"height\":207,\"caption\":\"OWL VISION THERMAL\"},\"image\":{\"@id\":\"https:\/\/owlvisionthermal.com\/#\/schema\/logo\/image\/\"},\"sameAs\":[\"https:\/\/www.facebook.com\/OwlVisionThermal\",\"https:\/\/www.instagram.com\/owl_vision_thermal_tech\/\",\"https:\/\/www.youtube.com\/channel\/UC2MoFnPPGXECFWFEnfbp5-w\"]}]}<\/script>\n<!-- \/ Yoast SEO plugin. -->","yoast_head_json":{"title":"OWL HULUX Thermal ClipOn - OWL VISION","description":"La HULUX \u00e8 progettata come accessorio per qualsiasi tipo di cannocchiale da giorno standard. NESSUN RIAZZERAMENTO \u00e8 necessario solo CLAMP&SHOT.","robots":{"index":"index","follow":"follow","max-snippet":"max-snippet:-1","max-image-preview":"max-image-preview:large","max-video-preview":"max-video-preview:-1"},"canonical":"https:\/\/owlvisionthermal.com\/?product=owl-hulux-thermal-clipon","og_locale":"it_IT","og_type":"article","og_title":"OWL HULUX Thermal ClipOn - OWL VISION","og_description":"La HULUX \u00e8 progettata come accessorio per qualsiasi tipo di cannocchiale da giorno standard. NESSUN RIAZZERAMENTO \u00e8 necessario solo CLAMP&SHOT.","og_url":"https:\/\/owlvisionthermal.com\/?product=owl-hulux-thermal-clipon","og_site_name":"OWL VISION","article_publisher":"https:\/\/www.facebook.com\/OwlVisionThermal","article_modified_time":"2022-01-21T11:15:46+00:00","og_image":[{"width":1100,"height":1422,"url":"https:\/\/owlvisionthermal.com\/wp-content\/uploads\/2022\/01\/owl-hulux-thermal-clipon.png","type":"image\/png"}],"twitter_card":"summary_large_image","twitter_misc":{"Tempo di lettura stimato":"3 minuti"},"schema":{"@context":"https:\/\/schema.org","@graph":[{"@type":"WebPage","@id":"https:\/\/owlvisionthermal.com\/?product=owl-hulux-thermal-clipon","url":"https:\/\/owlvisionthermal.com\/?product=owl-hulux-thermal-clipon","name":"OWL HULUX Thermal ClipOn - OWL VISION","isPartOf":{"@id":"https:\/\/owlvisionthermal.com\/#website"},"primaryImageOfPage":{"@id":"https:\/\/owlvisionthermal.com\/?product=owl-hulux-thermal-clipon#primaryimage"},"image":{"@id":"https:\/\/owlvisionthermal.com\/?product=owl-hulux-thermal-clipon#primaryimage"},"thumbnailUrl":"https:\/\/owlvisionthermal.com\/wp-content\/uploads\/2022\/01\/owl-hulux-thermal-clipon.png","datePublished":"2022-01-21T11:11:24+00:00","dateModified":"2022-01-21T11:15:46+00:00","description":"La HULUX \u00e8 progettata come accessorio per qualsiasi tipo di cannocchiale da giorno standard. NESSUN RIAZZERAMENTO \u00e8 necessario solo CLAMP&SHOT.","breadcrumb":{"@id":"https:\/\/owlvisionthermal.com\/?product=owl-hulux-thermal-clipon#breadcrumb"},"inLanguage":"it-IT","potentialAction":[{"@type":"ReadAction","target":["https:\/\/owlvisionthermal.com\/?product=owl-hulux-thermal-clipon"]}]},{"@type":"ImageObject","inLanguage":"it-IT","@id":"https:\/\/owlvisionthermal.com\/?product=owl-hulux-thermal-clipon#primaryimage","url":"https:\/\/owlvisionthermal.com\/wp-content\/uploads\/2022\/01\/owl-hulux-thermal-clipon.png","contentUrl":"https:\/\/owlvisionthermal.com\/wp-content\/uploads\/2022\/01\/owl-hulux-thermal-clipon.png","width":1100,"height":1422},{"@type":"BreadcrumbList","@id":"https:\/\/owlvisionthermal.com\/?product=owl-hulux-thermal-clipon#breadcrumb","itemListElement":[{"@type":"ListItem","position":1,"name":"Home","item":"https:\/\/owlvisionthermal.com\/"},{"@type":"ListItem","position":2,"name":"PRODOTTI","item":"https:\/\/owlvisionthermal.com\/?page_id=157"},{"@type":"ListItem","position":3,"name":"OWL HULUX Thermal ClipOn"}]},{"@type":"WebSite","@id":"https:\/\/owlvisionthermal.com\/#website","url":"https:\/\/owlvisionthermal.com\/","name":"OWL VISION","description":"Termocamere monoculari compatte e tascabili. Ideali per la visione naturalistica, di notte e in condizioni di scarsa illuminazione.","publisher":{"@id":"https:\/\/owlvisionthermal.com\/#organization"},"potentialAction":[{"@type":"SearchAction","target":{"@type":"EntryPoint","urlTemplate":"https:\/\/owlvisionthermal.com\/?s={search_term_string}"},"query-input":"required name=search_term_string"}],"inLanguage":"it-IT"},{"@type":"Organization","@id":"https:\/\/owlvisionthermal.com\/#organization","name":"OWL VISION THERMAL","url":"https:\/\/owlvisionthermal.com\/","logo":{"@type":"ImageObject","inLanguage":"it-IT","@id":"https:\/\/owlvisionthermal.com\/#\/schema\/logo\/image\/","url":"https:\/\/owlvisionthermal.com\/wp-content\/uploads\/2021\/01\/OWL-VISION-LOGO.jpg","contentUrl":"https:\/\/owlvisionthermal.com\/wp-content\/uploads\/2021\/01\/OWL-VISION-LOGO.jpg","width":1417,"height":207,"caption":"OWL VISION THERMAL"},"image":{"@id":"https:\/\/owlvisionthermal.com\/#\/schema\/logo\/image\/"},"sameAs":["https:\/\/www.facebook.com\/OwlVisionThermal","https:\/\/www.instagram.com\/owl_vision_thermal_tech\/","https:\/\/www.youtube.com\/channel\/UC2MoFnPPGXECFWFEnfbp5-w"]}]}},"_links":{"self":[{"href":"https:\/\/owlvisionthermal.com\/index.php?rest_route=\/wp\/v2\/product\/556"}],"collection":[{"href":"https:\/\/owlvisionthermal.com\/index.php?rest_route=\/wp\/v2\/product"}],"about":[{"href":"https:\/\/owlvisionthermal.com\/index.php?rest_route=\/wp\/v2\/types\/product"}],"wp:featuredmedia":[{"embeddable":true,"href":"https:\/\/owlvisionthermal.com\/index.php?rest_route=\/wp\/v2\/media\/558"}],"wp:attachment":[{"href":"https:\/\/owlvisionthermal.com\/index.php?rest_route=%2Fwp%2Fv2%2Fmedia&parent=556"}],"curies":[{"name":"wp","href":"https:\/\/api.w.org\/{rel}","templated":true}]}}